{"id":5384,"date":"2024-03-29T12:07:17","date_gmt":"2024-03-29T10:07:17","guid":{"rendered":"https:\/\/www.hotelalpenrose.net\/camere-comfort\/"},"modified":"2024-08-30T13:36:23","modified_gmt":"2024-08-30T11:36:23","slug":"comfort-zimmers","status":"publish","type":"page","link":"https:\/\/www.hotelalpenrose.net\/de\/comfort-zimmers\/","title":{"rendered":"Comfort Zimmers"},"content":{"rendered":"<hr>\n<div>Hotel Alpenrose<\/div>\n<h1>Comfort Zimmer<\/h1>\n<div>Ein Ort, an dem Natur auf Stil trifft, wo Holz die Seele umarmt und Gastfreundschaft das Herz w\u00e4rmt. Unsere warmen und gem\u00fctlichen Zimmer machen jeden Aufenthalt zu einem einzigartigen Erlebnis!<\/p>\n<p> Unsere Komfortzimmer sind ideal f\u00fcr Paare und Singles gleicherma\u00dfen; Komfort und Einfachheit kennzeichnen diese Zimmer, die sich zwischen dem ersten und zweiten Stock unseres Hotels befinden. Eingerichtet im typischen Trentiner Stil, bieten die Komfortzimmer alle notwendigen Annehmlichkeiten f\u00fcr einen angenehmen Aufenthalt: Flachbild-TV, Safe, Minibar, WLAN, Badezimmer mit Dusche. Doppel- oder Zweibettzimmer verf\u00fcgbar.\n<\/p><\/div>\n<p><img decoding=\"async\" src=\"\/wp-content\/uploads\/2024\/03\/alpenrose_stemma.svg\" alt=\"\"><br \/>\n<img decoding=\"async\" src=\"\/wp-content\/uploads\/2024\/03\/alpenrose_stemma.svg\" alt=\"\"><\/p>\n<h1>Unsere Zimmer<\/h1>\n<h1>Comfort<\/h1>\n<p>\n    <a href=\"https:\/\/book.octorate.com\/octobook\/site\/reservation\/index.xhtml?codice=224688\">Buchen Sie<\/a>\n<\/p>\n<p><video src=\"\/wp-content\/uploads\/2024\/04\/alpenrose_camera_comfort_111_video.mp4\" poster=\"\"><\/video><br \/>\n<video src=\"\/wp-content\/uploads\/2024\/04\/alpenrose_camera_comfort_111_video_square.mp4\" poster=\"\"><\/video><\/p>\n<ul>\n<li>\n<p>        <img decoding=\"async\" src=\"\/wp-content\/uploads\/2024\/03\/alpenrose_camera_comfort-1.jpg\" alt=\"\"><\/p>\n<\/li>\n<li>\n<p>        <img decoding=\"async\" src=\"\/wp-content\/uploads\/2024\/03\/alpenrose_camera_comfort-2.jpg\" alt=\"\"><\/p>\n<\/li>\n<li>\n<p>        <img decoding=\"async\" src=\"\/wp-content\/uploads\/2024\/03\/alpenrose_camera_comfort-3.jpg\" alt=\"\"><\/p>\n<\/li>\n<li>\n<p>        <img decoding=\"async\" src=\"\/wp-content\/uploads\/2024\/03\/alpenrose_camera_comfort-4.jpg\" alt=\"\"><\/p>\n<\/li>\n<li>\n<p>        <img decoding=\"async\" src=\"\/wp-content\/uploads\/2024\/03\/alpenrose_camera_comfort-5.jpg\" alt=\"\"><\/p>\n<\/li>\n<li>\n<p>        <img decoding=\"async\" src=\"\/wp-content\/uploads\/2024\/03\/alpenrose_camera_comfort-6.jpg\" alt=\"\"><\/p>\n<\/li>\n<li>\n<p>        <img decoding=\"async\" src=\"\/wp-content\/uploads\/2024\/03\/alpenrose_camera_comfort-7.jpg\" alt=\"\"><\/p>\n<\/li>\n<li>\n<p>        <img decoding=\"async\" src=\"\/wp-content\/uploads\/2024\/03\/alpenrose_camera_comfort-8.jpg\" alt=\"\"><\/p>\n<\/li>\n<li>\n<p>        <img decoding=\"async\" src=\"\/wp-content\/uploads\/2024\/03\/alpenrose_camera_comfort-9.jpg\" alt=\"\"><\/p>\n<\/li>\n<li>\n<p>        <img decoding=\"async\" src=\"\/wp-content\/uploads\/2024\/03\/alpenrose_camera_comfort-10.jpg\" alt=\"\"><\/p>\n<\/li>\n<li>\n<p>        <img decoding=\"async\" src=\"\/wp-content\/uploads\/2024\/03\/alpenrose_camera_comfort-11.jpg\" alt=\"\"><\/p>\n<\/li>\n<li>\n<p>        <img decoding=\"async\" src=\"\/wp-content\/uploads\/2024\/03\/alpenrose_camera_comfort-12.jpg\" alt=\"\"><\/p>\n<\/li>\n<li>\n<p>        <img decoding=\"async\" src=\"\/wp-content\/uploads\/2024\/03\/alpenrose_camera_comfort-13.jpg\" alt=\"\"><\/p>\n<\/li>\n<\/ul>\n<p><!--more--><br \/>\n<!-- {\"name\":\"Home\",\"type\":\"layout\",\"children\":[{\"type\":\"section\",\"props\":{\"animation\":\"fade\",\"image_position\":\"center-center\",\"padding\":\"xsmall\",\"padding_remove_bottom\":true,\"padding_remove_top\":false,\"style\":\"default\",\"title_breakpoint\":\"xl\",\"title_position\":\"top-left\",\"title_rotation\":\"left\",\"vertical_align\":\"middle\",\"width\":\"large\"},\"children\":[{\"type\":\"row\",\"props\":{\"column_gap\":\"large\",\"margin\":\"small\",\"margin_remove_bottom\":true,\"width\":\"large\"},\"children\":[{\"type\":\"column\",\"props\":{\"image_position\":\"center-center\",\"position_sticky_breakpoint\":\"m\"},\"children\":[{\"type\":\"divider\",\"props\":{\"divider_element\":\"hr\"}},{\"type\":\"headline\",\"props\":{\"animation\":\"slide-top-small\",\"content\":\"Hotel Alpenrose\",\"margin\":\"large\",\"margin_remove_bottom\":true,\"margin_remove_top\":false,\"text_align\":\"center\",\"title_color\":\"primary\",\"title_element\":\"div\",\"title_style\":\"h6\"}},{\"type\":\"headline\",\"props\":{\"animation\":\"none\",\"content\":\"Comfort Zimmer\",\"margin\":\"default\",\"margin_remove_top\":false,\"text_align\":\"center\",\"title_element\":\"h1\",\"title_style\":\"h2\"}},{\"type\":\"text\",\"props\":{\"block_align\":\"center\",\"column_breakpoint\":\"m\",\"content\":\"Ein Ort, an dem Natur auf Stil trifft, wo Holz die Seele umarmt und Gastfreundschaft das Herz w\\u00e4rmt. Unsere warmen und gem\\u00fctlichen Zimmer machen jeden Aufenthalt zu einem einzigartigen Erlebnis!<br\\\/><br\\\/> Unsere Komfortzimmer sind ideal f\\u00fcr Paare und Singles gleicherma\\u00dfen; Komfort und Einfachheit kennzeichnen diese Zimmer, die sich zwischen dem ersten und zweiten Stock unseres Hotels befinden. Eingerichtet im typischen Trentiner Stil, bieten die Komfortzimmer alle notwendigen Annehmlichkeiten f\\u00fcr einen angenehmen Aufenthalt: Flachbild-TV, Safe, Minibar, WLAN, Badezimmer mit Dusche. Doppel- oder Zweibettzimmer verf\\u00fcgbar.\\n\",\"margin\":\"default\",\"maxwidth\":\"2xlarge\",\"text_align\":\"center\"}}]}]}],\"name\":\"TITOLO\"},{\"type\":\"section\",\"props\":{\"image_position\":\"center-center\",\"padding\":\"xsmall\",\"padding_remove_bottom\":true,\"style\":\"default\",\"title_breakpoint\":\"xl\",\"title_position\":\"top-left\",\"title_rotation\":\"left\",\"vertical_align\":\"middle\",\"width\":\"default\"},\"children\":[{\"type\":\"row\",\"props\":{\"margin\":\"remove-vertical\"},\"children\":[{\"type\":\"column\",\"props\":{\"image_position\":\"center-center\",\"position_sticky_breakpoint\":\"m\"}}]}]},{\"type\":\"section\",\"props\":{\"animation\":\"slide-left-small\",\"animation_delay\":\"200\",\"id\":\"panarotta\",\"image_position\":\"center-center\",\"padding\":\"large\",\"padding_remove_bottom\":true,\"padding_remove_top\":true,\"style\":\"default\",\"title_breakpoint\":\"xl\",\"title_position\":\"top-left\",\"title_rotation\":\"left\",\"vertical_align\":\"middle\",\"width\":\"large\"},\"children\":[{\"type\":\"row\",\"props\":{\"margin\":\"remove-vertical\"},\"children\":[{\"type\":\"column\",\"props\":{\"image_position\":\"center-center\",\"position_sticky_breakpoint\":\"m\"},\"children\":[{\"type\":\"image\",\"props\":{\"animation\":\"parallax\",\"css\":\".el-image { max-width: 27vw; }\",\"image\":\"wp-content\\\/uploads\\\/2024\\\/03\\\/alpenrose_stemma.svg\",\"image_loading\":false,\"image_svg_color\":\"emphasis\",\"image_svg_inline\":false,\"image_width\":100,\"margin\":\"default\",\"parallax_y\":\"260 100%\",\"position\":\"relative\",\"position_right\":\"-340\",\"position_top\":\"180\",\"position_z_index\":\"3\",\"text_align\":\"left\",\"visibility\":\"l\"},\"modified\":\"2021-01-11T14:50:55.084Z\"},{\"type\":\"image\",\"props\":{\"animation\":\"parallax\",\"css\":\".el-image { max-width: 27vw; }\",\"image\":\"wp-content\\\/uploads\\\/2024\\\/03\\\/alpenrose_stemma.svg\",\"image_loading\":false,\"image_svg_color\":\"emphasis\",\"image_svg_inline\":false,\"image_width\":60,\"margin\":\"default\",\"parallax_y\":\"60 100%\",\"position\":\"relative\",\"position_right\":\"5\",\"position_top\":\"50\",\"position_z_index\":\"3\",\"text_align\":\"right\",\"visibility\":\"hidden-s\"},\"modified\":\"2021-01-11T14:50:55.084Z\"}]}]},{\"type\":\"row\",\"props\":{\"column_gap\":\"small\",\"layout\":\"1-3,2-3\",\"margin\":\"small\",\"margin_remove_bottom\":true,\"row_gap\":\"small\",\"width\":\"large\"},\"children\":[{\"type\":\"column\",\"props\":{\"image_position\":\"center-center\",\"padding\":\"large\",\"position_sticky_breakpoint\":\"m\",\"style\":\"card-default\",\"vertical_align\":\"middle\",\"width_medium\":\"1-3\"},\"children\":[{\"type\":\"headline\",\"props\":{\"animation\":\"slide-left-medium\",\"content\":\"Unsere Zimmer\",\"margin_remove_bottom\":true,\"text_align\":\"left\",\"title_color\":\"primary\",\"title_element\":\"h1\",\"title_style\":\"h6\"}},{\"type\":\"headline\",\"props\":{\"animation\":\"slide-left-medium\",\"content\":\"Comfort\",\"margin\":\"small\",\"margin_remove_top\":false,\"text_align\":\"left\",\"title_element\":\"h1\",\"title_style\":\"h2\"}},{\"type\":\"button\",\"props\":{\"button_size\":\"small\",\"grid_column_gap\":\"small\",\"grid_row_gap\":\"small\",\"margin\":\"default\"},\"children\":[{\"type\":\"button_item\",\"props\":{\"button_style\":\"primary\",\"content\":\"Buchen Sie\",\"icon_align\":\"left\",\"link\":\"https:\\\/\\\/book.octorate.com\\\/octobook\\\/site\\\/reservation\\\/index.xhtml?codice=224688\",\"link_target\":\"blank\"}}],\"name\":\"Buchen Sie\"}]},{\"type\":\"column\",\"props\":{\"image_position\":\"center-center\",\"position_sticky_breakpoint\":\"m\",\"vertical_align\":\"middle\",\"width_medium\":\"2-3\"},\"children\":[{\"type\":\"video\",\"props\":{\"animation\":\"slide-right-medium\",\"container_padding_remove\":true,\"margin\":\"remove-vertical\",\"video\":\"wp-content\\\/uploads\\\/2024\\\/04\\\/alpenrose_camera_comfort_111_video.mp4\",\"video_controls\":true,\"video_width\":\"1920\",\"visibility\":\"s\"},\"name\":\"video pc teblet\"},{\"type\":\"video\",\"props\":{\"animation\":\"slide-right-medium\",\"margin\":\"remove-vertical\",\"video\":\"wp-content\\\/uploads\\\/2024\\\/04\\\/alpenrose_camera_comfort_111_video_square.mp4\",\"video_controls\":true,\"video_width\":\"1920\",\"visibility\":\"hidden-s\"},\"name\":\"video cell\"}]}]},{\"type\":\"row\",\"children\":[{\"type\":\"column\",\"props\":{\"image_position\":\"center-center\",\"position_sticky_breakpoint\":\"m\"},\"children\":[{\"type\":\"overlay-slider\",\"props\":{\"animation\":\"slide-bottom-medium\",\"image_height\":\"1000\",\"image_width\":\"1200\",\"link_style\":\"default\",\"link_text\":\"\",\"margin\":\"default\",\"meta_align\":\"below-title\",\"meta_element\":\"div\",\"meta_style\":\"text-meta\",\"nav\":\"\",\"nav_align\":\"center\",\"nav_breakpoint\":\"\",\"overlay_link\":true,\"overlay_mode\":\"cover\",\"overlay_position\":\"center\",\"overlay_transition\":\"fade\",\"show_content\":true,\"show_hover_image\":true,\"show_link\":true,\"show_meta\":true,\"show_title\":true,\"slidenav\":\"bottom-right\",\"slidenav_breakpoint\":\"\",\"slidenav_color\":\"light\",\"slidenav_margin\":\"\",\"slidenav_outside_breakpoint\":\"xl\",\"slider_autoplay\":true,\"slider_autoplay_interval\":\"5\",\"slider_autoplay_pause\":true,\"slider_center\":true,\"slider_gap\":\"small\",\"slider_width\":\"fixed\",\"slider_width_default\":\"1-1\",\"slider_width_large\":\"1-2\",\"slider_width_medium\":\"1-2\",\"slider_width_small\":\"4-5\",\"slider_width_xlarge\":\"1-2\",\"text_align\":\"center\",\"title_element\":\"h3\",\"title_hover_style\":\"reset\"},\"children\":[{\"type\":\"overlay-slider_item\",\"props\":{\"image\":\"wp-content\\\/uploads\\\/2024\\\/03\\\/alpenrose_camera_comfort-1.jpg\"}},{\"type\":\"overlay-slider_item\",\"props\":{\"image\":\"wp-content\\\/uploads\\\/2024\\\/03\\\/alpenrose_camera_comfort-2.jpg\"}},{\"type\":\"overlay-slider_item\",\"props\":{\"image\":\"wp-content\\\/uploads\\\/2024\\\/03\\\/alpenrose_camera_comfort-3.jpg\"}},{\"type\":\"overlay-slider_item\",\"props\":{\"image\":\"wp-content\\\/uploads\\\/2024\\\/03\\\/alpenrose_camera_comfort-4.jpg\"}},{\"type\":\"overlay-slider_item\",\"props\":{\"image\":\"wp-content\\\/uploads\\\/2024\\\/03\\\/alpenrose_camera_comfort-5.jpg\"}},{\"type\":\"overlay-slider_item\",\"props\":{\"image\":\"wp-content\\\/uploads\\\/2024\\\/03\\\/alpenrose_camera_comfort-6.jpg\"}},{\"type\":\"overlay-slider_item\",\"props\":{\"image\":\"wp-content\\\/uploads\\\/2024\\\/03\\\/alpenrose_camera_comfort-7.jpg\"}},{\"type\":\"overlay-slider_item\",\"props\":{\"image\":\"wp-content\\\/uploads\\\/2024\\\/03\\\/alpenrose_camera_comfort-8.jpg\"}},{\"type\":\"overlay-slider_item\",\"props\":{\"image\":\"wp-content\\\/uploads\\\/2024\\\/03\\\/alpenrose_camera_comfort-9.jpg\"}},{\"type\":\"overlay-slider_item\",\"props\":{\"image\":\"wp-content\\\/uploads\\\/2024\\\/03\\\/alpenrose_camera_comfort-10.jpg\"}},{\"type\":\"overlay-slider_item\",\"props\":{\"image\":\"wp-content\\\/uploads\\\/2024\\\/03\\\/alpenrose_camera_comfort-11.jpg\"}},{\"type\":\"overlay-slider_item\",\"props\":{\"image\":\"wp-content\\\/uploads\\\/2024\\\/03\\\/alpenrose_camera_comfort-12.jpg\"}},{\"type\":\"overlay-slider_item\",\"props\":{\"image\":\"wp-content\\\/uploads\\\/2024\\\/03\\\/alpenrose_camera_comfort-13.jpg\"}}]}]}],\"props\":{\"css\":\".el-row {margin-top:10px!important;}\",\"margin\":\"remove-vertical\"}}],\"name\":\"comfort\"},{\"type\":\"section\",\"props\":{\"image_position\":\"center-center\",\"style\":\"default\",\"title_breakpoint\":\"xl\",\"title_position\":\"top-left\",\"title_rotation\":\"left\",\"vertical_align\":\"middle\",\"width\":\"default\"},\"children\":[{\"type\":\"row\",\"children\":[{\"type\":\"column\",\"props\":{\"image_position\":\"center-center\",\"position_sticky_breakpoint\":\"m\"}}]}]},{\"type\":\"section\",\"props\":{\"image_position\":\"center-center\",\"style\":\"default\",\"title_breakpoint\":\"xl\",\"title_position\":\"top-left\",\"title_rotation\":\"left\",\"vertical_align\":\"middle\",\"width\":\"default\"},\"children\":[{\"type\":\"row\",\"children\":[{\"type\":\"column\",\"props\":{\"image_position\":\"center-center\",\"position_sticky_breakpoint\":\"m\"},\"children\":[{\"type\":\"module\",\"props\":{\"menu_image_align\":\"center\",\"menu_image_margin\":true,\"menu_style\":\"default\",\"menu_type\":\"nav\",\"type\":\"builderwidget\",\"widget\":\"builderwidget-30\"}}]}]}],\"name\":\"REGOLAMENTO DE WIDGET\"}],\"version\":\"4.3.5\"} --><\/p>\n","protected":false},"excerpt":{"rendered":"<p>Hotel Alpenrose Comfort Zimmer Ein Ort, an dem Natur auf Stil trifft, wo Holz die Seele umarmt und Gastfreundschaft das Herz w\u00e4rmt. Unsere warmen und gem\u00fctlichen Zimmer machen jeden Aufenthalt zu einem einzigartigen Erlebnis! Unsere Komfortzimmer sind ideal f\u00fcr Paare und Singles gleicherma\u00dfen; Komfort und Einfachheit kennzeichnen diese Zimmer, die sich zwischen dem ersten und [&hellip;]<\/p>\n","protected":false},"author":2,"featured_media":0,"parent":0,"menu_order":10,"comment_status":"open","ping_status":"closed","template":"","meta":{"_acf_changed":false,"footnotes":""},"class_list":["post-5384","page","type-page","status-publish","hentry"],"acf":[],"_links":{"self":[{"href":"https:\/\/www.hotelalpenrose.net\/de\/wp-json\/wp\/v2\/pages\/5384","targetHints":{"allow":["GET"]}}],"collection":[{"href":"https:\/\/www.hotelalpenrose.net\/de\/wp-json\/wp\/v2\/pages"}],"about":[{"href":"https:\/\/www.hotelalpenrose.net\/de\/wp-json\/wp\/v2\/types\/page"}],"author":[{"embeddable":true,"href":"https:\/\/www.hotelalpenrose.net\/de\/wp-json\/wp\/v2\/users\/2"}],"replies":[{"embeddable":true,"href":"https:\/\/www.hotelalpenrose.net\/de\/wp-json\/wp\/v2\/comments?post=5384"}],"version-history":[{"count":10,"href":"https:\/\/www.hotelalpenrose.net\/de\/wp-json\/wp\/v2\/pages\/5384\/revisions"}],"predecessor-version":[{"id":6039,"href":"https:\/\/www.hotelalpenrose.net\/de\/wp-json\/wp\/v2\/pages\/5384\/revisions\/6039"}],"wp:attachment":[{"href":"https:\/\/www.hotelalpenrose.net\/de\/wp-json\/wp\/v2\/media?parent=5384"}],"curies":[{"name":"wp","href":"https:\/\/api.w.org\/{rel}","templated":true}]}}